{"id":3292,"date":"2014-11-03T17:50:30","date_gmt":"2014-11-03T15:50:30","guid":{"rendered":"http:\/\/www.aupair.net\/?page_id=3292"},"modified":"2024-11-25T14:55:36","modified_gmt":"2024-11-25T12:55:36","slug":"informationen-rund-um-die-au-pair-vermittlung-die-3-besten-wege","status":"publish","type":"page","link":"http:\/\/www.aupair.net\/de\/gastfamilien\/informationen-rund-um-die-au-pair-vermittlung-die-3-besten-wege\/","title":{"rendered":"AuPair.net &#8211;  finden Sie ein Au Pair oder eine Gastfamilie"},"content":{"rendered":"<p style=\"text-align: justify;\"><a href=\"http:\/\/www.aupair.net\/de\/24\/\">\u00a0AuPair.net<\/a> bietet unter anderem Informationen zur Vermittlung, zum Leben und Arbeiten als Au Pair, zu den damit verbundenen Kosten, zur Durchf\u00fchrung des Auslandsaufenthalte, Tipps zum Finden eines Au Pairs\/einer Gastfamilie, und vieles mehr.<\/p>\n<h2><span style=\"color: #3674d1;\"><strong>F\u00fcr Gastfamilien &#8211; Ein Au Pair finden und vieles mehr<img loading=\"lazy\" decoding=\"async\" class=\"alignright wp-image-2308\" src=\"http:\/\/www.aupair.net\/wp-content\/uploads\/2014\/08\/aupair_family.png\" alt=\"Au Pair Gastfamilie\" width=\"162\" height=\"118\" \/><\/strong><\/span><\/h2>\n<ul>\n<li><span style=\"color: #333333;\"><a style=\"color: #333333;\" href=\"#suchen%20werden Au Pair\">Die 3 Wege, Ihr Au Pair zu finden<\/a><\/span><\/li>\n<li><span style=\"color: #333333;\"><a style=\"color: #333333;\" href=\"http:\/\/www.aupair.net\/de\/aufnehmen\/\">Was bedeutet es ein Au Pair zu besch\u00e4ftigen und was sind die Vorteile<\/a><span class=\"Apple-converted-space\">\u00a0<\/span><\/span><\/li>\n<li>\n<p id=\"all_family_related_topics\" style=\"cursor: pointer;\">Alle relevanten Themen f\u00fcr Gastfamilien<\/p>\n<\/li>\n<\/ul>\n<h2><span style=\"color: #000000;\"><br \/>\n<strong><span style=\"color: #3674d1;\">F\u00fcr Au Pairs &#8211; Wie du deine Gastfamilie\u00a0findest und vieles mehr<\/span><\/strong><\/span><img loading=\"lazy\" decoding=\"async\" class=\"alignright wp-image-2299\" src=\"http:\/\/www.aupair.net\/wp-content\/uploads\/2014\/08\/AuPair.png\" alt=\"Au Pair\" width=\"62\" height=\"118\" \/><\/h2>\n<ul>\n<li><span style=\"color: #333333;\"><a style=\"color: #333333;\" href=\"#suchen%20werden Au Pair\">Die Vermittlung: Wie findest du deine Gastfamilie?<\/a><\/span><\/li>\n<li><span style=\"color: #333333;\"><a style=\"color: #333333;\" href=\"http:\/\/www.aupair.net\/de\/werden\/\">Was bedeutet es als Au Pair im Ausland zu leben und was sind deine Vorteile<\/a><span class=\"Apple-converted-space\">\u00a0<\/span><\/span><\/li>\n<li><span style=\"color: #333333;\">Alle relevanten Themen f\u00fcr Au Pairs<\/span><\/li>\n<\/ul>\n<div class=\"quick_search_box\" style=\"display: table; background: #f2f2f2; width: 100%; max-width: 500px; padding: 5px;\">\n<form action=\"https:\/\/www.aupair.com\/quick-search-db.php\" method=\"post\" name=\"frmReg1\" target=\"_blank\">\n<p style=\"text-align: center;\"><input name=\"language\" type=\"hidden\" value=\"de\" \/><select class=\"working_country\" style=\"float: right; width: 40%; min-width: 150px;\" name=\"working_countryQ\" size=\"8\"><option value=\"210\">USA &#8211; America<\/option><option value=\"184\">Spanien<\/option><option value=\"99\">Italien<\/option><option value=\"208\">England<\/option><option selected=\"selected\" value=\"76\">Deutschland<\/option><option value=\"70\">Frankreich<\/option><option value=\"13\">Australien<\/option><option value=\"191\">Schweitz<\/option><option value=\"202\">T\u00fcrkai<\/option><option value=\"36\">Kanada<\/option><option value=\"97\">Ireland<\/option><option value=\"42\">China<\/option><option value=\"20\">Belgien<\/option><option value=\"12\">\u00d6sterreich<\/option><option value=\"54\">D\u00e4nemark<\/option><option value=\"\">&#8212;&#8212;&#8212;&#8212;&#8212;&#8212;&#8212;-<\/option><\/select><\/p>\n<div class=\"right_div\" style=\"float: left; width: 60%; text-align: center;\"><input style=\"width: 100%; max-width: 250px;\" name=\"aupair_search\" type=\"submit\" value=\"Finde Au Pair f\u00fcr\" \/><input style=\"width: 100%; margin-top: 10px; max-width: 250px;\" name=\"family_search\" type=\"submit\" value=\"Find a family in\" \/><\/div>\n<\/form>\n<\/div>\n<p><script>\/\/ <![CDATA[\nvar parentOne = document.getElementById('all_family_related_topics'); var childOne = document.getElementById('slide_hidden_item1'); parentOne.addEventListener('click', function() { childOne.style.display == 'none' ? childOne.style.display = '' : childOne.style.display = 'none'; }, false ); var parentTwo = document.getElementById('all_aupair_related_topics'); var childTwo = document.getElementById('slide_hidden_item2'); parentTwo.addEventListener('click', function() { childTwo.style.display == 'none' ? childTwo.style.display = '' : childTwo.style.display = 'none'; }, false );\n\/\/ ]]><\/script><\/p>\n<p>Eine gro\u00dfe Anzahl vielbesch\u00e4ftigter Eltern haben Schwierigkeiten, einen verantwortungsbewussten und seri\u00f6sen Anbieter f\u00fcr die Betreuung ihrer Kinder zu finden und oft reicht es bei berufst\u00e4tigen Eltern nicht aus,\u00a0wenn\u00a0die Betreuungszeiten nur mit Kindergarten bzw. Schule abgedeckt werden. Das Aufnehmen\u00a0eines Au Pairs kann die optimale L\u00f6sung sein.<\/p>\n<p style=\"text-align: justify;\">Es bietet einen flexiblen Babysitter Service der genau auf Ihre Bed\u00fcrfnisse zugeschnitten ist.<br \/>\n\u00dcber eine Online-Matching-Plattform oder \u00fcber eine\u00a0lokale Vermittlungsagentur finden Sie\u00a0eine zuverl\u00e4ssige Betreuungsperson, die sich gerne und verantwortungsbewusst um Ihre Kinder k\u00fcmmern.<\/p>\n<p style=\"text-align: justify;\">Die Sicherheit Ihrer Kinder liegt Ihnen sehr am Herzen. Daher f\u00fchrt eine seri\u00f6se Agentur alle notwendigen Hintergrundchecks und Recherchen durch, damit Sie sich keine Sorgen machen m\u00fcssen.<a name=\"suchen werden Au Pair\"><\/a><\/p>\n<p>F\u00fcr diejenigen, die es lieben, Zeit mit Kindern zu verbringen, ist ein Leben als Au Pair besonders ansprechend. Die Chance als Au Pair ins Ausland zu reisen erm\u00f6glicht es einem, eine komplett andere Lebensweise kennenzulernen.<\/p>\n<p style=\"text-align: justify;\">Diejenigen, die beispielsweise als Au Pair in Amerika gelebt haben, berichten, dass die dort gesammelten Erfahrungen ihr Leben ver\u00e4ndert haben.<\/p>\n<h2><span style=\"color: #3674d1;\"><strong>Die 3 besten Wege &#8211; Finden Sie Ihr Au Pair oder Gastfamilie<\/strong><\/span><\/h2>\n<h3><span style=\"color: #000000;\"> 1. Direkte Vermittlung durch eine Online\/ Matching Au Pair Agentur <span style=\"color: #ff6600;\"><a style=\"color: #ff6600;\" title=\"eine Au Pair Vermittlung in Deutschland - Online direkt Vermittlung\" href=\"http:\/\/www.aupair.com\/de\" target=\"_blank\" rel=\"noopener\">AuPair.com<\/a><\/span>\u00a0<\/span><\/h3>\n<table style=\"height: 204px;\" width=\"664\">\n<tbody>\n<tr>\n<td><strong>Vorteile<\/strong><\/p>\n<ul>\n<li>Au Pairs und Gastfamilien kontrollieren und bestimmen den Vermittlungsprozess selber<\/li>\n<li>Gro\u00dfe Auswahl an Profilen<\/li>\n<li>Gutes Preis-Leistungs-Verh\u00e4ltnis<\/li>\n<\/ul>\n<\/td>\n<td>\n<p style=\"text-align: left;\"><strong>Nachteile<\/strong><\/p>\n<ul>\n<li style=\"text-align: left;\">Au Pairs \/ Gastfamilien sind f\u00fcr die Beschaffung des notwenigen Visums etc. selbstverantwortlich<\/li>\n<li style=\"text-align: left;\">Zur Beschaffung eines J-1 Visums f\u00fcr die USA wird eine Agentur ben\u00f6tigt<\/li>\n<\/ul>\n<\/td>\n<\/tr>\n<\/tbody>\n<\/table>\n<h3><img loading=\"lazy\" decoding=\"async\" class=\"aligncenter\" title=\"Compare Au Pair agency\" src=\"http:\/\/www.aupair.net\/wp-content\/pic\/compare-aupair-agency.jpg\" alt=\"Compare Au Pair agency\" width=\"178\" height=\"99\" \/><span style=\"color: #000000;\">2. Mit einer lokalen <span style=\"color: #ff6600;\"><a style=\"color: #ff6600;\" title=\"Au Pair Agenturen in Deutschland\" href=\"https:\/\/www.multikultur.info\/familienservice-gastfamilien.html\" target=\"_blank\" rel=\"noopener\">Full-Service Au Pair Agentur<\/a><\/span><\/span><\/h3>\n<table style=\"height: 279px;\" width=\"691\">\n<tbody>\n<tr>\n<td>\n<h4><strong>Vorteile<\/strong><\/h4>\n<ul>\n<li>Erfahrene Agentur, die eine angebrachte Vermittlung von\u00a0Au Pairs und Gastfamilien gew\u00e4hrleistet<\/li>\n<li>Gute Beratung bez\u00fcglich aller relevanten Themen zum Leben mit und als Au Pair<\/li>\n<li>Hilfestellung und Unterst\u00fctzung bei der Beschaffung eines J-1 Visums<\/li>\n<li>Hilfe und Unterst\u00fctzung, falls Probleme zwischen der Gastfamilie und dem Au Pair auftreten sollten, sowohl vor als auch nach dessen Ankunft<\/li>\n<li>Organisation und Durchf\u00fchrung von Au Pair Treffen<\/li>\n<li>Um legal als Au Pair in die USA zu reisen oder dort ein Au Pair zu besch\u00e4ftigen ist eine Agentur Voraussetzung<\/li>\n<\/ul>\n<\/td>\n<td>\n<h4><strong>Nachteile<\/strong><\/h4>\n<ul>\n<li>H\u00f6here Kosten<\/li>\n<li>Begrenzte\u00a0Auswahl an Gastfamilien und Au Pairs<\/li>\n<li>Falls das Au Pair die Gastfamilie kurzfristig verlassen muss, kann es sich f\u00fcr eine Agentur schwierig gestalten, schnell einen Nachfolger\/eine Nachfolgerin zu finden.<\/li>\n<\/ul>\n<\/td>\n<\/tr>\n<\/tbody>\n<\/table>\n<h3>\u00a0<span style=\"color: #000000;\">3. Mischung aus Matching\/Online und Full-Service-Agentur<\/span><\/h3>\n<p style=\"text-align: justify;\">Finden Sie Ihr Au Pair\/Gastfamilie mithilfe einer online Agentur wie<span class=\"Apple-converted-space\">\u00a0<\/span><span style=\"color: #ff6600;\"><a style=\"color: #ff6600;\" href=\"http:\/\/www.aupair.com\/de\">AuPair.com<\/a><\/span><span class=\"Apple-converted-space\">\u00a0<\/span>und nutzen Sie gleichzeitig den Service einer lokalen Agentur zur Beschaffung des Visums und zur Abwicklung aller anderen Formalit\u00e4ten.<br \/>\nViele der lokalen Agenturen bieten Programme, die eine umfangreiche Unterst\u00fctzung w\u00e4hrend des Au Pair Aufenthaltes umfassen.<br \/>\nEinige der lokalen Agenturen organisieren auch regelm\u00e4\u00dfig Au Pair Treffen, die eine gute M\u00f6glichkeit bieten neue Au Pairs kennenzulernen und sich auszutauschen.<\/p>\n<h4><strong>Vorteile<\/strong>:<\/h4>\n<ul>\n<li>Au Pairs und Gastfamilien haben den Ablauf des Vermittlungsprozesses selber in der Hand<\/li>\n<li>Gro\u00dfe Auswahl an Au Pairs und Gastfamilien bei der online Agentur<\/li>\n<li>Erfahrene Agentur, die die Vermittlung eines geeigneten Au Pairs\/einer geeigneten Gastfamilie gew\u00e4hrleistet<\/li>\n<li>Umfangreiche Beratung zu allen relevanten Themen<\/li>\n<li>Lokale Au Pair\u00a0Vermittlungsagentur bietet Unterst\u00fctzung bei der Beschaffung des Visums (falls notwendig)<\/li>\n<li>Hilfe und Unterst\u00fctzung, falls zwischen dem Au Pair und der Gastfamilie Probleme auftreten sollten, bevor das Au Pair anreist und w\u00e4hrend seinem Aufenthalt durch die lokale Au Pair Agentur<\/li>\n<li>Organisation und Durchf\u00fchrung von Au Pair Treffen<\/li>\n<\/ul>\n","protected":false},"excerpt":{"rendered":"<p>\u00a0AuPair.net bietet unter anderem Informationen zur Vermittlung, zum Leben und Arbeiten als Au Pair, zu den damit verbundenen Kosten, zur Durchf\u00fchrung des Auslandsaufenthalte, Tipps zum Finden eines Au Pairs\/einer Gastfamilie, und vieles mehr. F\u00fcr Gastfamilien &#8211; Ein Au Pair finden und vieles mehr Die 3 Wege, Ihr Au Pair zu finden Was bedeutet es ein [&hellip;]<\/p>\n","protected":false},"author":2,"featured_media":0,"parent":1417,"menu_order":0,"comment_status":"open","ping_status":"open","template":"","meta":{"footnotes":""},"class_list":["post-3292","page","type-page","status-publish","hentry"],"yoast_head":"<!-- This site is optimized with the Yoast SEO Premium plugin v26.2 (Yoast SEO v27.4) - https:\/\/yoast.com\/product\/yoast-seo-premium-wordpress\/ -->\n<title>3 Wege, um ein Au Pair oder eine Gastfamilie zu finden<\/title>\n<meta name=\"description\" content=\"Auf AuPair.net finden Au Pairs und Gastfamilien Informationen rund um die Vermittlung, Au Pair Agenturen, Kosten, Erfahrungsberichte und vieles mehr.\" \/>\n<meta name=\"robots\" content=\"index, follow, max-snippet:-1, max-image-preview:large, max-video-preview:-1\" \/>\n<link rel=\"canonical\" href=\"http:\/\/www.aupair.net\/de\/gastfamilien\/informationen-rund-um-die-au-pair-vermittlung-die-3-besten-wege\/\" \/>\n<meta name=\"twitter:label1\" content=\"Gesch\u00e4tzte Lesezeit\" \/>\n\t<meta name=\"twitter:data1\" content=\"4\u00a0Minuten\" \/>\n<script type=\"application\/ld+json\" class=\"yoast-schema-graph\">{\"@context\":\"https:\\\/\\\/schema.org\",\"@graph\":[{\"@type\":\"WebPage\",\"@id\":\"http:\\\/\\\/www.aupair.net\\\/de\\\/gastfamilien\\\/informationen-rund-um-die-au-pair-vermittlung-die-3-besten-wege\\\/\",\"url\":\"http:\\\/\\\/www.aupair.net\\\/de\\\/gastfamilien\\\/informationen-rund-um-die-au-pair-vermittlung-die-3-besten-wege\\\/\",\"name\":\"3 Wege, um ein Au Pair oder eine Gastfamilie zu finden\",\"isPartOf\":{\"@id\":\"https:\\\/\\\/www.aupair.net\\\/de\\\/#website\"},\"primaryImageOfPage\":{\"@id\":\"http:\\\/\\\/www.aupair.net\\\/de\\\/gastfamilien\\\/informationen-rund-um-die-au-pair-vermittlung-die-3-besten-wege\\\/#primaryimage\"},\"image\":{\"@id\":\"http:\\\/\\\/www.aupair.net\\\/de\\\/gastfamilien\\\/informationen-rund-um-die-au-pair-vermittlung-die-3-besten-wege\\\/#primaryimage\"},\"thumbnailUrl\":\"http:\\\/\\\/www.aupair.net\\\/wp-content\\\/uploads\\\/2014\\\/08\\\/aupair_family.png\",\"datePublished\":\"2014-11-03T15:50:30+00:00\",\"dateModified\":\"2024-11-25T12:55:36+00:00\",\"description\":\"Auf AuPair.net finden Au Pairs und Gastfamilien Informationen rund um die Vermittlung, Au Pair Agenturen, Kosten, Erfahrungsberichte und vieles mehr.\",\"breadcrumb\":{\"@id\":\"http:\\\/\\\/www.aupair.net\\\/de\\\/gastfamilien\\\/informationen-rund-um-die-au-pair-vermittlung-die-3-besten-wege\\\/#breadcrumb\"},\"inLanguage\":\"de\",\"potentialAction\":[{\"@type\":\"ReadAction\",\"target\":[\"http:\\\/\\\/www.aupair.net\\\/de\\\/gastfamilien\\\/informationen-rund-um-die-au-pair-vermittlung-die-3-besten-wege\\\/\"]}]},{\"@type\":\"ImageObject\",\"inLanguage\":\"de\",\"@id\":\"http:\\\/\\\/www.aupair.net\\\/de\\\/gastfamilien\\\/informationen-rund-um-die-au-pair-vermittlung-die-3-besten-wege\\\/#primaryimage\",\"url\":\"http:\\\/\\\/www.aupair.net\\\/wp-content\\\/uploads\\\/2014\\\/08\\\/aupair_family.png\",\"contentUrl\":\"http:\\\/\\\/www.aupair.net\\\/wp-content\\\/uploads\\\/2014\\\/08\\\/aupair_family.png\"},{\"@type\":\"BreadcrumbList\",\"@id\":\"http:\\\/\\\/www.aupair.net\\\/de\\\/gastfamilien\\\/informationen-rund-um-die-au-pair-vermittlung-die-3-besten-wege\\\/#breadcrumb\",\"itemListElement\":[{\"@type\":\"ListItem\",\"position\":1,\"name\":\"Infos f\u00fcr Gastfamilien\",\"item\":\"http:\\\/\\\/www.aupair.net\\\/de\\\/gastfamilien\\\/\"},{\"@type\":\"ListItem\",\"position\":2,\"name\":\"AuPair.net &#8211; finden Sie ein Au Pair oder eine Gastfamilie\"}]},{\"@type\":\"WebSite\",\"@id\":\"https:\\\/\\\/www.aupair.net\\\/de\\\/#website\",\"url\":\"https:\\\/\\\/www.aupair.net\\\/de\\\/\",\"name\":\"AuPair.net - Blog for Au Pairs - everything for you\",\"description\":\"Young Au Pairs from all around the world can find travel tips, experience reports, a lot of information about the stay and more topics that are just about you.\",\"publisher\":{\"@id\":\"https:\\\/\\\/www.aupair.net\\\/de\\\/#organization\"},\"potentialAction\":[{\"@type\":\"SearchAction\",\"target\":{\"@type\":\"EntryPoint\",\"urlTemplate\":\"https:\\\/\\\/www.aupair.net\\\/de\\\/?s={search_term_string}\"},\"query-input\":{\"@type\":\"PropertyValueSpecification\",\"valueRequired\":true,\"valueName\":\"search_term_string\"}}],\"inLanguage\":\"de\"},{\"@type\":\"Organization\",\"@id\":\"https:\\\/\\\/www.aupair.net\\\/de\\\/#organization\",\"name\":\"AuPair.net - Au Pair Blog\",\"url\":\"https:\\\/\\\/www.aupair.net\\\/de\\\/\",\"logo\":{\"@type\":\"ImageObject\",\"inLanguage\":\"de\",\"@id\":\"https:\\\/\\\/www.aupair.net\\\/de\\\/#\\\/schema\\\/logo\\\/image\\\/\",\"url\":\"https:\\\/\\\/www.aupair.net\\\/wp-content\\\/uploads\\\/2015\\\/06\\\/Logo_dunkler.png\",\"contentUrl\":\"https:\\\/\\\/www.aupair.net\\\/wp-content\\\/uploads\\\/2015\\\/06\\\/Logo_dunkler.png\",\"width\":406,\"height\":150,\"caption\":\"AuPair.net - Au Pair Blog\"},\"image\":{\"@id\":\"https:\\\/\\\/www.aupair.net\\\/de\\\/#\\\/schema\\\/logo\\\/image\\\/\"}}]}<\/script>\n<!-- \/ Yoast SEO Premium plugin. -->","yoast_head_json":{"title":"3 Wege, um ein Au Pair oder eine Gastfamilie zu finden","description":"Auf AuPair.net finden Au Pairs und Gastfamilien Informationen rund um die Vermittlung, Au Pair Agenturen, Kosten, Erfahrungsberichte und vieles mehr.","robots":{"index":"index","follow":"follow","max-snippet":"max-snippet:-1","max-image-preview":"max-image-preview:large","max-video-preview":"max-video-preview:-1"},"canonical":"http:\/\/www.aupair.net\/de\/gastfamilien\/informationen-rund-um-die-au-pair-vermittlung-die-3-besten-wege\/","twitter_misc":{"Gesch\u00e4tzte Lesezeit":"4\u00a0Minuten"},"schema":{"@context":"https:\/\/schema.org","@graph":[{"@type":"WebPage","@id":"http:\/\/www.aupair.net\/de\/gastfamilien\/informationen-rund-um-die-au-pair-vermittlung-die-3-besten-wege\/","url":"http:\/\/www.aupair.net\/de\/gastfamilien\/informationen-rund-um-die-au-pair-vermittlung-die-3-besten-wege\/","name":"3 Wege, um ein Au Pair oder eine Gastfamilie zu finden","isPartOf":{"@id":"https:\/\/www.aupair.net\/de\/#website"},"primaryImageOfPage":{"@id":"http:\/\/www.aupair.net\/de\/gastfamilien\/informationen-rund-um-die-au-pair-vermittlung-die-3-besten-wege\/#primaryimage"},"image":{"@id":"http:\/\/www.aupair.net\/de\/gastfamilien\/informationen-rund-um-die-au-pair-vermittlung-die-3-besten-wege\/#primaryimage"},"thumbnailUrl":"http:\/\/www.aupair.net\/wp-content\/uploads\/2014\/08\/aupair_family.png","datePublished":"2014-11-03T15:50:30+00:00","dateModified":"2024-11-25T12:55:36+00:00","description":"Auf AuPair.net finden Au Pairs und Gastfamilien Informationen rund um die Vermittlung, Au Pair Agenturen, Kosten, Erfahrungsberichte und vieles mehr.","breadcrumb":{"@id":"http:\/\/www.aupair.net\/de\/gastfamilien\/informationen-rund-um-die-au-pair-vermittlung-die-3-besten-wege\/#breadcrumb"},"inLanguage":"de","potentialAction":[{"@type":"ReadAction","target":["http:\/\/www.aupair.net\/de\/gastfamilien\/informationen-rund-um-die-au-pair-vermittlung-die-3-besten-wege\/"]}]},{"@type":"ImageObject","inLanguage":"de","@id":"http:\/\/www.aupair.net\/de\/gastfamilien\/informationen-rund-um-die-au-pair-vermittlung-die-3-besten-wege\/#primaryimage","url":"http:\/\/www.aupair.net\/wp-content\/uploads\/2014\/08\/aupair_family.png","contentUrl":"http:\/\/www.aupair.net\/wp-content\/uploads\/2014\/08\/aupair_family.png"},{"@type":"BreadcrumbList","@id":"http:\/\/www.aupair.net\/de\/gastfamilien\/informationen-rund-um-die-au-pair-vermittlung-die-3-besten-wege\/#breadcrumb","itemListElement":[{"@type":"ListItem","position":1,"name":"Infos f\u00fcr Gastfamilien","item":"http:\/\/www.aupair.net\/de\/gastfamilien\/"},{"@type":"ListItem","position":2,"name":"AuPair.net &#8211; finden Sie ein Au Pair oder eine Gastfamilie"}]},{"@type":"WebSite","@id":"https:\/\/www.aupair.net\/de\/#website","url":"https:\/\/www.aupair.net\/de\/","name":"AuPair.net - Blog for Au Pairs - everything for you","description":"Young Au Pairs from all around the world can find travel tips, experience reports, a lot of information about the stay and more topics that are just about you.","publisher":{"@id":"https:\/\/www.aupair.net\/de\/#organization"},"potentialAction":[{"@type":"SearchAction","target":{"@type":"EntryPoint","urlTemplate":"https:\/\/www.aupair.net\/de\/?s={search_term_string}"},"query-input":{"@type":"PropertyValueSpecification","valueRequired":true,"valueName":"search_term_string"}}],"inLanguage":"de"},{"@type":"Organization","@id":"https:\/\/www.aupair.net\/de\/#organization","name":"AuPair.net - Au Pair Blog","url":"https:\/\/www.aupair.net\/de\/","logo":{"@type":"ImageObject","inLanguage":"de","@id":"https:\/\/www.aupair.net\/de\/#\/schema\/logo\/image\/","url":"https:\/\/www.aupair.net\/wp-content\/uploads\/2015\/06\/Logo_dunkler.png","contentUrl":"https:\/\/www.aupair.net\/wp-content\/uploads\/2015\/06\/Logo_dunkler.png","width":406,"height":150,"caption":"AuPair.net - Au Pair Blog"},"image":{"@id":"https:\/\/www.aupair.net\/de\/#\/schema\/logo\/image\/"}}]}},"blog_post_layout_featured_media_urls":{"thumbnail":"","full":""},"categories_names":null,"comments_number":"0","wpmagazine_modules_lite_featured_media_urls":{"thumbnail":"","cvmm-medium":"","cvmm-medium-plus":"","cvmm-portrait":"","cvmm-medium-square":"","cvmm-large":"","cvmm-small":"","full":""},"_links":{"self":[{"href":"http:\/\/www.aupair.net\/de\/wp-json\/wp\/v2\/pages\/3292","targetHints":{"allow":["GET"]}}],"collection":[{"href":"http:\/\/www.aupair.net\/de\/wp-json\/wp\/v2\/pages"}],"about":[{"href":"http:\/\/www.aupair.net\/de\/wp-json\/wp\/v2\/types\/page"}],"author":[{"embeddable":true,"href":"http:\/\/www.aupair.net\/de\/wp-json\/wp\/v2\/users\/2"}],"replies":[{"embeddable":true,"href":"http:\/\/www.aupair.net\/de\/wp-json\/wp\/v2\/comments?post=3292"}],"version-history":[{"count":66,"href":"http:\/\/www.aupair.net\/de\/wp-json\/wp\/v2\/pages\/3292\/revisions"}],"predecessor-version":[{"id":9653,"href":"http:\/\/www.aupair.net\/de\/wp-json\/wp\/v2\/pages\/3292\/revisions\/9653"}],"up":[{"embeddable":true,"href":"http:\/\/www.aupair.net\/de\/wp-json\/wp\/v2\/pages\/1417"}],"wp:attachment":[{"href":"http:\/\/www.aupair.net\/de\/wp-json\/wp\/v2\/media?parent=3292"}],"curies":[{"name":"wp","href":"https:\/\/api.w.org\/{rel}","templated":true}]}}