{"id":1402,"date":"2014-08-26T10:33:31","date_gmt":"2014-08-26T08:33:31","guid":{"rendered":"http:\/\/www.aupair.net\/?page_id=1402"},"modified":"2024-11-20T17:54:47","modified_gmt":"2024-11-20T15:54:47","slug":"au-pair-informationen","status":"publish","type":"page","link":"https:\/\/www.aupair.net\/de\/au-pair-informationen\/","title":{"rendered":"F\u00fcr Au Pairs &#8211; n\u00fctzliche Informationen"},"content":{"rendered":"<p><strong>Du hast Interesse daran, f\u00fcr ein aufregendes Abenteuer als Au Pair ins Ausland zu gehen? Hier findest du n\u00fctzliche Informationen, die dir dabei helfen, dir einen \u00dcberblick zu verschaffen, sodass du bestens informiert in die Suche nach einer Gastfamilie starten kannst.<\/strong><\/p>\n<p>W\u00e4hrend ein Au Pair Aufenthalt eine einmalige Gelegenheit bietet, ein neues Land und eine neue Kultur kennenzulernen, kannst du gleichzeitig wertvolle Erfahrungen im Umgang mit Kindern sammeln. Doch bevor du dich auf dieses Abenteuer einl\u00e4sst, gibt es sicherlich viele Fragen, die dir durch den Kopf gehen.<\/p>\n<h4><strong>Noch Fragen offen?<\/strong><\/h4>\n<p>Du denkst gerade erst dar\u00fcber nach, ob ein Au Pair Aufenthalt etwas f\u00fcr dich sein k\u00f6nnte und dir sind noch viele Fragen offen? Dann bist du hier genau richtig. Du erf\u00e4hrst, wie du ein Au Pair werden kannst und welche <strong>Voraussetzungen<\/strong> du daf\u00fcr erf\u00fcllen musst. Es gibt bestimmte Kriterien, die du beachten solltest, damit deine Bewerbung \u00fcberhaupt Erfolg hat. Vielleicht fragst du dich, ob du \u00fcberhaupt die richtigen Qualifikationen mitbringst oder welche Altersgrenzen gelten. Wir kl\u00e4ren diese Fragen und helfen dir so, dich f\u00fcr den n\u00e4chsten Schritt vorzubereiten.<\/p>\n<p>Au\u00dferdem ist es wichtig, dass du dir im Vorfeld \u00fcber die <strong>Aufgaben und Pflichten<\/strong> im Klaren bist, die dich als Au Pair erwarten. Was genau wirst du tun? Welche Verantwortlichkeiten hast du im Haushalt deiner Gastfamilie? Auch Fragen rund um das Thema <strong>Taschengeld<\/strong> und <strong>Visum<\/strong> spielen eine zentrale Rolle.<\/p>\n<p>Um dir die Suche nach weiterf\u00fchrenden Informationen zu erleichtern, haben wir die wichtigsten Themen f\u00fcr dich zusammengefasst. Du kannst direkt \u00fcber die untenstehenden Links mehr \u00fcber die einzelnen Aspekte erfahren und dir so ein genaues Bild davon machen, was dich erwartet.<\/p>\n<h4><strong>Klick dich durch und bereite dich auf eine unvergessliche Zeit vor:<\/strong><\/h4>\n<ul>\n<li><a href=\"https:\/\/www.aupair.net\/de\/werden\/\">Au Pair werden<\/a> &#8211; Warum du Au Pair werden solltest?<\/li>\n<li><a href=\"https:\/\/www.aupair.net\/de\/voraussetzungen\/\">Au Pair Voraussetzungen<\/a> &#8211; Welche Voraussetzungen musst du erf\u00fcllen?<\/li>\n<li><a href=\"https:\/\/www.aupair.net\/de\/pflichten\/\">Au Pair Pflichten<\/a> &#8211; Welche Aufgaben wirst du im Alltag als Au Pair \u00fcbernehmen?<\/li>\n<li><a href=\"https:\/\/www.aupair.net\/de\/taschengeld\/\">Au Pair Taschengeld<\/a> &#8211; Wie viel Taschengeld kannst du w\u00e4hrend deines Aufenthaltes erwarten?<\/li>\n<li><a href=\"https:\/\/www.aupair.net\/de\/aupair-visum\/\">Au Pair Visum<\/a> &#8211; Ben\u00f6tigst du ein Visum f\u00fcr dein Zielland und was sind die Voraussetzungen daf\u00fcr?<\/li>\n<\/ul>\n<h4><strong>Du fragst dich, wie und vor allem wo du deine Suche startest?<\/strong><\/h4>\n<p>Dann lies dir diesen Post durch und erfahre mehr \u00fcber <a href=\"https:\/\/www.aupair.net\/de\/suche\/\">AuPair.com<\/a>, die weltweit beste und zuverl\u00e4ssigste Online-Au Pair Vermittlungsplattform. Dort kannst du ganz einfach passende Gastfamilien finden und dich mit ihnen in Verbindung setzen.<\/p>\n<p>Mit den richtigen Informationen und einer guten Vorbereitung steht deinem Au Pair Aufenthalt nichts mehr im Weg. Mach dich bereit f\u00fcr eine Zeit voller neuer Erfahrungen, spannender Begegnungen und unvergesslicher Erinnerungen!<\/p>\n<p><img decoding=\"async\" class=\" alignleft\" src=\"http:\/\/www.aupair.net\/wp-content\/uploads\/2014\/08\/AuPair.png\" alt=\"Au Pair Brief Gastfamilie\" \/><\/p>\n","protected":false},"excerpt":{"rendered":"<p>Du hast Interesse daran, f\u00fcr ein aufregendes Abenteuer als Au Pair ins Ausland zu gehen? Hier findest du n\u00fctzliche Informationen, die dir dabei helfen, dir einen \u00dcberblick zu verschaffen, sodass du bestens informiert in die Suche nach einer Gastfamilie starten kannst. W\u00e4hrend ein Au Pair Aufenthalt eine einmalige Gelegenheit bietet, ein neues Land und eine [&hellip;]<\/p>\n","protected":false},"author":2,"featured_media":9604,"parent":0,"menu_order":0,"comment_status":"open","ping_status":"open","template":"","meta":{"footnotes":""},"class_list":["post-1402","page","type-page","status-publish","has-post-thumbnail","hentry"],"yoast_head":"<!-- This site is optimized with the Yoast SEO Premium plugin v26.2 (Yoast SEO v27.4) - https:\/\/yoast.com\/product\/yoast-seo-premium-wordpress\/ -->\n<title>F\u00fcr Au Pairs - n\u00fctzliche Informationen<\/title>\n<meta name=\"description\" content=\"Du hast Interesse daran, f\u00fcr ein aufregendes Abenteuer als Au Pair ins Ausland zu gehen? Hier findest du n\u00fctzliche Informationen.\" \/>\n<meta name=\"robots\" content=\"index, follow, max-snippet:-1, max-image-preview:large, max-video-preview:-1\" \/>\n<link rel=\"canonical\" href=\"http:\/\/www.aupair.net\/de\/au-pair-informationen\/\" \/>\n<meta name=\"twitter:label1\" content=\"Gesch\u00e4tzte Lesezeit\" \/>\n\t<meta name=\"twitter:data1\" content=\"3\u00a0Minuten\" \/>\n<script type=\"application\/ld+json\" class=\"yoast-schema-graph\">{\"@context\":\"https:\\\/\\\/schema.org\",\"@graph\":[{\"@type\":\"WebPage\",\"@id\":\"http:\\\/\\\/www.aupair.net\\\/de\\\/au-pair-informationen\\\/\",\"url\":\"http:\\\/\\\/www.aupair.net\\\/de\\\/au-pair-informationen\\\/\",\"name\":\"F\u00fcr Au Pairs - n\u00fctzliche Informationen\",\"isPartOf\":{\"@id\":\"https:\\\/\\\/www.aupair.net\\\/de\\\/#website\"},\"primaryImageOfPage\":{\"@id\":\"http:\\\/\\\/www.aupair.net\\\/de\\\/au-pair-informationen\\\/#primaryimage\"},\"image\":{\"@id\":\"http:\\\/\\\/www.aupair.net\\\/de\\\/au-pair-informationen\\\/#primaryimage\"},\"thumbnailUrl\":\"https:\\\/\\\/www.aupair.net\\\/wp-content\\\/uploads\\\/2016\\\/10\\\/october-aupair-2016-e1491215399783.jpg\",\"datePublished\":\"2014-08-26T08:33:31+00:00\",\"dateModified\":\"2024-11-20T15:54:47+00:00\",\"description\":\"Du hast Interesse daran, f\u00fcr ein aufregendes Abenteuer als Au Pair ins Ausland zu gehen? Hier findest du n\u00fctzliche Informationen.\",\"inLanguage\":\"de\",\"potentialAction\":[{\"@type\":\"ReadAction\",\"target\":[\"http:\\\/\\\/www.aupair.net\\\/de\\\/au-pair-informationen\\\/\"]}]},{\"@type\":\"ImageObject\",\"inLanguage\":\"de\",\"@id\":\"http:\\\/\\\/www.aupair.net\\\/de\\\/au-pair-informationen\\\/#primaryimage\",\"url\":\"https:\\\/\\\/www.aupair.net\\\/wp-content\\\/uploads\\\/2016\\\/10\\\/october-aupair-2016-e1491215399783.jpg\",\"contentUrl\":\"https:\\\/\\\/www.aupair.net\\\/wp-content\\\/uploads\\\/2016\\\/10\\\/october-aupair-2016-e1491215399783.jpg\",\"width\":720,\"height\":480},{\"@type\":\"WebSite\",\"@id\":\"https:\\\/\\\/www.aupair.net\\\/de\\\/#website\",\"url\":\"https:\\\/\\\/www.aupair.net\\\/de\\\/\",\"name\":\"AuPair.net - Blog for Au Pairs - everything for you\",\"description\":\"Young Au Pairs from all around the world can find travel tips, experience reports, a lot of information about the stay and more topics that are just about you.\",\"publisher\":{\"@id\":\"https:\\\/\\\/www.aupair.net\\\/de\\\/#organization\"},\"potentialAction\":[{\"@type\":\"SearchAction\",\"target\":{\"@type\":\"EntryPoint\",\"urlTemplate\":\"https:\\\/\\\/www.aupair.net\\\/de\\\/?s={search_term_string}\"},\"query-input\":{\"@type\":\"PropertyValueSpecification\",\"valueRequired\":true,\"valueName\":\"search_term_string\"}}],\"inLanguage\":\"de\"},{\"@type\":\"Organization\",\"@id\":\"https:\\\/\\\/www.aupair.net\\\/de\\\/#organization\",\"name\":\"AuPair.net - Au Pair Blog\",\"url\":\"https:\\\/\\\/www.aupair.net\\\/de\\\/\",\"logo\":{\"@type\":\"ImageObject\",\"inLanguage\":\"de\",\"@id\":\"https:\\\/\\\/www.aupair.net\\\/de\\\/#\\\/schema\\\/logo\\\/image\\\/\",\"url\":\"https:\\\/\\\/www.aupair.net\\\/wp-content\\\/uploads\\\/2015\\\/06\\\/Logo_dunkler.png\",\"contentUrl\":\"https:\\\/\\\/www.aupair.net\\\/wp-content\\\/uploads\\\/2015\\\/06\\\/Logo_dunkler.png\",\"width\":406,\"height\":150,\"caption\":\"AuPair.net - Au Pair Blog\"},\"image\":{\"@id\":\"https:\\\/\\\/www.aupair.net\\\/de\\\/#\\\/schema\\\/logo\\\/image\\\/\"}}]}<\/script>\n<!-- \/ Yoast SEO Premium plugin. -->","yoast_head_json":{"title":"F\u00fcr Au Pairs - n\u00fctzliche Informationen","description":"Du hast Interesse daran, f\u00fcr ein aufregendes Abenteuer als Au Pair ins Ausland zu gehen? Hier findest du n\u00fctzliche Informationen.","robots":{"index":"index","follow":"follow","max-snippet":"max-snippet:-1","max-image-preview":"max-image-preview:large","max-video-preview":"max-video-preview:-1"},"canonical":"http:\/\/www.aupair.net\/de\/au-pair-informationen\/","twitter_misc":{"Gesch\u00e4tzte Lesezeit":"3\u00a0Minuten"},"schema":{"@context":"https:\/\/schema.org","@graph":[{"@type":"WebPage","@id":"http:\/\/www.aupair.net\/de\/au-pair-informationen\/","url":"http:\/\/www.aupair.net\/de\/au-pair-informationen\/","name":"F\u00fcr Au Pairs - n\u00fctzliche Informationen","isPartOf":{"@id":"https:\/\/www.aupair.net\/de\/#website"},"primaryImageOfPage":{"@id":"http:\/\/www.aupair.net\/de\/au-pair-informationen\/#primaryimage"},"image":{"@id":"http:\/\/www.aupair.net\/de\/au-pair-informationen\/#primaryimage"},"thumbnailUrl":"https:\/\/www.aupair.net\/wp-content\/uploads\/2016\/10\/october-aupair-2016-e1491215399783.jpg","datePublished":"2014-08-26T08:33:31+00:00","dateModified":"2024-11-20T15:54:47+00:00","description":"Du hast Interesse daran, f\u00fcr ein aufregendes Abenteuer als Au Pair ins Ausland zu gehen? Hier findest du n\u00fctzliche Informationen.","inLanguage":"de","potentialAction":[{"@type":"ReadAction","target":["http:\/\/www.aupair.net\/de\/au-pair-informationen\/"]}]},{"@type":"ImageObject","inLanguage":"de","@id":"http:\/\/www.aupair.net\/de\/au-pair-informationen\/#primaryimage","url":"https:\/\/www.aupair.net\/wp-content\/uploads\/2016\/10\/october-aupair-2016-e1491215399783.jpg","contentUrl":"https:\/\/www.aupair.net\/wp-content\/uploads\/2016\/10\/october-aupair-2016-e1491215399783.jpg","width":720,"height":480},{"@type":"WebSite","@id":"https:\/\/www.aupair.net\/de\/#website","url":"https:\/\/www.aupair.net\/de\/","name":"AuPair.net - Blog for Au Pairs - everything for you","description":"Young Au Pairs from all around the world can find travel tips, experience reports, a lot of information about the stay and more topics that are just about you.","publisher":{"@id":"https:\/\/www.aupair.net\/de\/#organization"},"potentialAction":[{"@type":"SearchAction","target":{"@type":"EntryPoint","urlTemplate":"https:\/\/www.aupair.net\/de\/?s={search_term_string}"},"query-input":{"@type":"PropertyValueSpecification","valueRequired":true,"valueName":"search_term_string"}}],"inLanguage":"de"},{"@type":"Organization","@id":"https:\/\/www.aupair.net\/de\/#organization","name":"AuPair.net - Au Pair Blog","url":"https:\/\/www.aupair.net\/de\/","logo":{"@type":"ImageObject","inLanguage":"de","@id":"https:\/\/www.aupair.net\/de\/#\/schema\/logo\/image\/","url":"https:\/\/www.aupair.net\/wp-content\/uploads\/2015\/06\/Logo_dunkler.png","contentUrl":"https:\/\/www.aupair.net\/wp-content\/uploads\/2015\/06\/Logo_dunkler.png","width":406,"height":150,"caption":"AuPair.net - Au Pair Blog"},"image":{"@id":"https:\/\/www.aupair.net\/de\/#\/schema\/logo\/image\/"}}]}},"blog_post_layout_featured_media_urls":{"thumbnail":["https:\/\/www.aupair.net\/wp-content\/uploads\/2016\/10\/october-aupair-2016-150x150.jpg",150,150,true],"full":["https:\/\/www.aupair.net\/wp-content\/uploads\/2016\/10\/october-aupair-2016-e1491215399783.jpg",720,480,false]},"categories_names":null,"comments_number":"0","wpmagazine_modules_lite_featured_media_urls":{"thumbnail":["https:\/\/www.aupair.net\/wp-content\/uploads\/2016\/10\/october-aupair-2016-150x150.jpg",150,150,true],"cvmm-medium":["https:\/\/www.aupair.net\/wp-content\/uploads\/2016\/10\/october-aupair-2016-e1491215399783.jpg",300,200,false],"cvmm-medium-plus":["https:\/\/www.aupair.net\/wp-content\/uploads\/2016\/10\/october-aupair-2016-e1491215399783.jpg",305,203,false],"cvmm-portrait":["https:\/\/www.aupair.net\/wp-content\/uploads\/2016\/10\/october-aupair-2016-e1491215399783.jpg",400,267,false],"cvmm-medium-square":["https:\/\/www.aupair.net\/wp-content\/uploads\/2016\/10\/october-aupair-2016-e1491215399783.jpg",600,400,false],"cvmm-large":["https:\/\/www.aupair.net\/wp-content\/uploads\/2016\/10\/october-aupair-2016-e1491215399783.jpg",720,480,false],"cvmm-small":["https:\/\/www.aupair.net\/wp-content\/uploads\/2016\/10\/october-aupair-2016-e1491215399783.jpg",130,87,false],"full":["https:\/\/www.aupair.net\/wp-content\/uploads\/2016\/10\/october-aupair-2016-e1491215399783.jpg",720,480,false]},"_links":{"self":[{"href":"https:\/\/www.aupair.net\/de\/wp-json\/wp\/v2\/pages\/1402","targetHints":{"allow":["GET"]}}],"collection":[{"href":"https:\/\/www.aupair.net\/de\/wp-json\/wp\/v2\/pages"}],"about":[{"href":"https:\/\/www.aupair.net\/de\/wp-json\/wp\/v2\/types\/page"}],"author":[{"embeddable":true,"href":"https:\/\/www.aupair.net\/de\/wp-json\/wp\/v2\/users\/2"}],"replies":[{"embeddable":true,"href":"https:\/\/www.aupair.net\/de\/wp-json\/wp\/v2\/comments?post=1402"}],"version-history":[{"count":16,"href":"https:\/\/www.aupair.net\/de\/wp-json\/wp\/v2\/pages\/1402\/revisions"}],"predecessor-version":[{"id":9621,"href":"https:\/\/www.aupair.net\/de\/wp-json\/wp\/v2\/pages\/1402\/revisions\/9621"}],"wp:featuredmedia":[{"embeddable":true,"href":"https:\/\/www.aupair.net\/de\/wp-json\/wp\/v2\/media\/9604"}],"wp:attachment":[{"href":"https:\/\/www.aupair.net\/de\/wp-json\/wp\/v2\/media?parent=1402"}],"curies":[{"name":"wp","href":"https:\/\/api.w.org\/{rel}","templated":true}]}}