{"id":1422,"date":"2014-08-26T10:56:09","date_gmt":"2014-08-26T08:56:09","guid":{"rendered":"http:\/\/www.aupair.net\/?page_id=1422"},"modified":"2024-11-21T13:55:14","modified_gmt":"2024-11-21T11:55:14","slug":"au-pair-tipps","status":"publish","type":"page","link":"https:\/\/www.aupair.net\/de\/au-pair-tipps\/","title":{"rendered":"Au Pair Tipps"},"content":{"rendered":"<p>Du hast dich entschieden, als Au Pair ins Ausland zu gehen? Herzlichen Gl\u00fcckwunsch! Ein Au Pair-Aufenthalt ist eine gro\u00dfartige M\u00f6glichkeit, neue Kulturen zu erleben, deine Sprachkenntnisse zu verbessern und wertvolle Erfahrungen zu sammeln. Damit dein Abenteuer reibungslos verl\u00e4uft, haben wir hier einige n\u00fctzliche Tipps f\u00fcr dich zusammengestellt. Au\u00dferdem findest du weiterf\u00fchrende Links zu wichtigen Themen rund um deinen Au Pair-Aufenthalt.<\/p>\n<h3>1. <strong>Der Au Pair Vertrag: So gehst du auf Nummer sicher<\/strong><\/h3>\n<p>Bevor du deine Reise antrittst, solltest du den Au Pair Vertrag sorgf\u00e4ltig lesen und verstehen. Er regelt wichtige Punkte wie Arbeitszeiten, Gehalt, Urlaubstage und Aufgaben. Ein klarer Vertrag sch\u00fctzt sowohl dich als auch deine Gastfamilie und sorgt f\u00fcr ein harmonisches Zusammenleben. <strong><a href=\"https:\/\/www.aupair.net\/de\/vertrag\/\" rel=\"noopener\">Mehr \u00fcber den Au Pair Vertrag lesen<\/a>.<\/strong><\/p>\n<p><img loading=\"lazy\" decoding=\"async\" class=\"aligncenter\" src=\"http:\/\/www.aupair.net\/wp-content\/uploads\/2014\/09\/aupair-contract-300x211.jpg\" alt=\"aupair-contract\" width=\"201\" height=\"141\" \/><\/p>\n<h3>2. <strong>Abreise und Vorbereitung: So startest du richtig<\/strong><\/h3>\n<p>Die Vorbereitung auf die Abreise ist ein aufregender, aber auch herausfordernder Schritt. Plane fr\u00fchzeitig, was du vor der Abreise erledigen musst, wie z. B. die Flugbuchung, das Organisieren von Unterlagen und das Abschiednehmen von Freunden und Familie. <strong><a href=\"https:\/\/www.aupair.net\/de\/flugkosten\/\" rel=\"noopener\">Tipps zur Abreise<\/a><\/strong><\/p>\n<p><img loading=\"lazy\" decoding=\"async\" class=\" aligncenter\" src=\"http:\/\/www.aupair.net\/wp-content\/uploads\/2014\/08\/aupair_family.png\" alt=\"Au Pair Telefonat Gastfamilie\" width=\"176\" height=\"128\" \/><\/p>\n<h3>3. <strong>Der Brief an die Gastfamilie: Erste Eindr\u00fccke hinterlassen<\/strong><\/h3>\n<p>Der erste Eindruck z\u00e4hlt \u2013 auch in deinem Brief an die Gastfamilie. Zeige Interesse an der Familie, stelle dich vor und beschreibe, warum du dich f\u00fcr das Au Pair-Programm entschieden hast. Ein gut formulierter Brief kann helfen, eine starke Beziehung zu deiner Gastfamilie aufzubauen. <strong><a href=\"https:\/\/www.aupair.net\/de\/flugkosten\/\" rel=\"noopener\">Tipps f\u00fcr den Brief an die Gastfamilie<\/a><\/strong><\/p>\n<h3 style=\"text-align: center;\"><\/h3>\n<h3>4. <strong>Das Telefonat mit der Gastfamilie: So wird\u2019s ein Erfolg<\/strong><\/h3>\n<p>Ein Telefonat mit der Gastfamilie kann dir helfen, ein besseres Gef\u00fchl f\u00fcr die Familie zu bekommen und deine Fragen zu kl\u00e4ren. Bereite dich vor, indem du wichtige Fragen und Themen notierst, die du besprechen m\u00f6chtest. <strong><a href=\"https:\/\/www.aupair.net\/de\/gastgeschenke\/\" rel=\"noopener\">Erfolgreiches Telefonat mit der Gastfamilie<\/a><\/strong><\/p>\n<h3><\/h3>\n<h3 style=\"text-align: center;\"><span style=\"color: #3674d1;\"><strong><a style=\"color: #3674d1;\" href=\"https:\/\/www.aupair.net\/de\/gastgeschenke\/\"><img loading=\"lazy\" decoding=\"async\" class=\" aligncenter\" src=\"http:\/\/www.aupair.net\/wp-content\/uploads\/2014\/09\/AuPair-Requirements-300x241.jpg\" alt=\"Au Pair Flugkosten\" width=\"205\" height=\"164\" \/><\/a><\/strong><\/span><\/h3>\n<h3>5. <strong>Die Packliste: Was du wirklich brauchst<\/strong><\/h3>\n<p>Beim Packen kann es schnell un\u00fcbersichtlich werden. Stelle sicher, dass du nur das Wesentliche einpackst, aber auch alles Wichtige dabei hast. Unsere Packliste hilft dir, nichts zu vergessen. <strong><a href=\"https:\/\/www.aupair.net\/de\/packliste\/\" rel=\"noopener\">Tipps Au Pair Packliste<\/a><\/strong><\/p>\n<h3 style=\"text-align: center;\"><span style=\"color: #3674d1;\">\u00a0<\/span><\/h3>\n<h3 style=\"text-align: center;\"><span style=\"color: #3674d1;\"><strong><a style=\"color: #3674d1;\" href=\"https:\/\/www.aupair.net\/de\/packliste\/\"><img loading=\"lazy\" decoding=\"async\" class=\" aligncenter\" src=\"http:\/\/www.aupair.net\/wp-content\/uploads\/2014\/08\/aupair_family.png\" alt=\"Au Pair Telefonat Gastfamilie\" width=\"204\" height=\"149\" \/><\/a><\/strong><\/span><\/h3>\n<h3 style=\"text-align: center;\"><\/h3>\n<h3>6. <strong>J-1 Visum f\u00fcr die USA: Alles, was du wissen musst<\/strong><\/h3>\n<p>Wenn du als Au Pair in die USA gehst, ben\u00f6tigst du ein J-1 Visum. Dieser Prozess kann komplex sein, aber mit der richtigen Vorbereitung wirst du keine Probleme haben. Hier erkl\u00e4ren wir dir, was du tun musst, um dein Visum zu bekommen. <strong><a href=\"https:\/\/www.aupair.net\/de\/j1-visum\/\" rel=\"noopener\">J-1 Visum Informationen<\/a><\/strong><\/p>\n<p><img loading=\"lazy\" decoding=\"async\" class=\" aligncenter\" src=\"http:\/\/www.aupair.net\/wp-content\/uploads\/2014\/08\/aupair-visa.jpg\" alt=\"Au Pair Deutschland Visum\" width=\"184\" height=\"171\" \/><\/p>\n<h3>7. <strong>Vorsicht vor Betr\u00fcgern auf Au Pair Plattformen<\/strong><\/h3>\n<p>Leider gibt es auch unseri\u00f6se Angebote auf Au Pair Plattformen. Achte darauf, keine pers\u00f6nlichen Daten zu teilen, bevor du sicher bist, dass die Gastfamilie vertrauensw\u00fcrdig ist. Wir geben dir Tipps, wie du Betr\u00fcger erkennst und dich davor sch\u00fctzt. <strong><a href=\"\/?cat_ID=57\" rel=\"noopener\">Betr\u00fcger auf Au Pair Plattformen<\/a><\/strong><\/p>\n<h3>8. <strong>Erfahrungsberichte von anderen Au Pairs: Einblicke aus erster Hand<\/strong><\/h3>\n<p>Lese Erfahrungsberichte von anderen Au Pairs, um zu erfahren, was dich erwartet und welche Tipps sie f\u00fcr deinen Aufenthalt haben. Ihre Geschichten k\u00f6nnen dir helfen, dich besser auf deine Zeit im Ausland vorzubereiten. <strong><a href=\"https:\/\/www.aupair.net\/de\/erfahrungen\/\" rel=\"noopener\">Erfahrungsberichte von Au Pairs<\/a><\/strong><\/p>\n<p>Ein Au Pair-Aufenthalt ist eine spannende und lehrreiche Zeit. Mit diesen Tipps bist du bestens vorbereitet und kannst deinen Aufenthalt im Ausland in vollen Z\u00fcgen genie\u00dfen. Viel Erfolg auf deinem Abenteuer!<\/p>\n","protected":false},"excerpt":{"rendered":"<p>Du hast dich entschieden, als Au Pair ins Ausland zu gehen? Herzlichen Gl\u00fcckwunsch! Ein Au Pair-Aufenthalt ist eine gro\u00dfartige M\u00f6glichkeit, neue Kulturen zu erleben, deine Sprachkenntnisse zu verbessern und wertvolle Erfahrungen zu sammeln. Damit dein Abenteuer reibungslos verl\u00e4uft, haben wir hier einige n\u00fctzliche Tipps f\u00fcr dich zusammengestellt. Au\u00dferdem findest du weiterf\u00fchrende Links zu wichtigen Themen [&hellip;]<\/p>\n","protected":false},"author":2,"featured_media":0,"parent":0,"menu_order":0,"comment_status":"open","ping_status":"open","template":"","meta":{"footnotes":""},"class_list":["post-1422","page","type-page","status-publish","hentry"],"yoast_head":"<!-- This site is optimized with the Yoast SEO Premium plugin v26.2 (Yoast SEO v27.5) - https:\/\/yoast.com\/product\/yoast-seo-premium-wordpress\/ -->\n<title>AuPair.net - Tipps f\u00fcr Au Pairs<\/title>\n<meta name=\"description\" content=\"Du m\u00f6chtest als Au Pair ins Ausland? Hier findest du n\u00fctzliche Tipps f\u00fcr einen unvergesslichen Au Pair-Aufenthalt.\" \/>\n<meta name=\"robots\" content=\"index, follow, max-snippet:-1, max-image-preview:large, max-video-preview:-1\" \/>\n<link rel=\"canonical\" href=\"http:\/\/www.aupair.net\/de\/au-pair-tipps\/\" \/>\n<meta name=\"twitter:label1\" content=\"Gesch\u00e4tzte Lesezeit\" \/>\n\t<meta name=\"twitter:data1\" content=\"4\u00a0Minuten\" \/>\n<script type=\"application\/ld+json\" class=\"yoast-schema-graph\">{\"@context\":\"https:\\\/\\\/schema.org\",\"@graph\":[{\"@type\":\"WebPage\",\"@id\":\"http:\\\/\\\/www.aupair.net\\\/de\\\/au-pair-tipps\\\/\",\"url\":\"http:\\\/\\\/www.aupair.net\\\/de\\\/au-pair-tipps\\\/\",\"name\":\"AuPair.net - Tipps f\u00fcr Au Pairs\",\"isPartOf\":{\"@id\":\"https:\\\/\\\/www.aupair.net\\\/#website\"},\"primaryImageOfPage\":{\"@id\":\"http:\\\/\\\/www.aupair.net\\\/de\\\/au-pair-tipps\\\/#primaryimage\"},\"image\":{\"@id\":\"http:\\\/\\\/www.aupair.net\\\/de\\\/au-pair-tipps\\\/#primaryimage\"},\"thumbnailUrl\":\"http:\\\/\\\/www.aupair.net\\\/wp-content\\\/uploads\\\/2014\\\/09\\\/aupair-contract-300x211.jpg\",\"datePublished\":\"2014-08-26T08:56:09+00:00\",\"dateModified\":\"2024-11-21T11:55:14+00:00\",\"description\":\"Du m\u00f6chtest als Au Pair ins Ausland? Hier findest du n\u00fctzliche Tipps f\u00fcr einen unvergesslichen Au Pair-Aufenthalt.\",\"inLanguage\":\"de\",\"potentialAction\":[{\"@type\":\"ReadAction\",\"target\":[\"http:\\\/\\\/www.aupair.net\\\/de\\\/au-pair-tipps\\\/\"]}]},{\"@type\":\"ImageObject\",\"inLanguage\":\"de\",\"@id\":\"http:\\\/\\\/www.aupair.net\\\/de\\\/au-pair-tipps\\\/#primaryimage\",\"url\":\"http:\\\/\\\/www.aupair.net\\\/wp-content\\\/uploads\\\/2014\\\/09\\\/aupair-contract-300x211.jpg\",\"contentUrl\":\"http:\\\/\\\/www.aupair.net\\\/wp-content\\\/uploads\\\/2014\\\/09\\\/aupair-contract-300x211.jpg\"},{\"@type\":\"WebSite\",\"@id\":\"https:\\\/\\\/www.aupair.net\\\/#website\",\"url\":\"https:\\\/\\\/www.aupair.net\\\/\",\"name\":\"AuPair.net - Blog for Au Pairs - everything for you\",\"description\":\"Young Au Pairs from all around the world can find travel tips, experience reports, a lot of information about the stay and more topics that are just about you.\",\"publisher\":{\"@id\":\"https:\\\/\\\/www.aupair.net\\\/#organization\"},\"potentialAction\":[{\"@type\":\"SearchAction\",\"target\":{\"@type\":\"EntryPoint\",\"urlTemplate\":\"https:\\\/\\\/www.aupair.net\\\/?s={search_term_string}\"},\"query-input\":{\"@type\":\"PropertyValueSpecification\",\"valueRequired\":true,\"valueName\":\"search_term_string\"}}],\"inLanguage\":\"de\"},{\"@type\":\"Organization\",\"@id\":\"https:\\\/\\\/www.aupair.net\\\/#organization\",\"name\":\"AuPair.net - Au Pair Blog\",\"url\":\"https:\\\/\\\/www.aupair.net\\\/\",\"logo\":{\"@type\":\"ImageObject\",\"inLanguage\":\"de\",\"@id\":\"https:\\\/\\\/www.aupair.net\\\/#\\\/schema\\\/logo\\\/image\\\/\",\"url\":\"https:\\\/\\\/www.aupair.net\\\/wp-content\\\/uploads\\\/2015\\\/06\\\/Logo_dunkler.png\",\"contentUrl\":\"https:\\\/\\\/www.aupair.net\\\/wp-content\\\/uploads\\\/2015\\\/06\\\/Logo_dunkler.png\",\"width\":406,\"height\":150,\"caption\":\"AuPair.net - Au Pair Blog\"},\"image\":{\"@id\":\"https:\\\/\\\/www.aupair.net\\\/#\\\/schema\\\/logo\\\/image\\\/\"}}]}<\/script>\n<!-- \/ Yoast SEO Premium plugin. -->","yoast_head_json":{"title":"AuPair.net - Tipps f\u00fcr Au Pairs","description":"Du m\u00f6chtest als Au Pair ins Ausland? Hier findest du n\u00fctzliche Tipps f\u00fcr einen unvergesslichen Au Pair-Aufenthalt.","robots":{"index":"index","follow":"follow","max-snippet":"max-snippet:-1","max-image-preview":"max-image-preview:large","max-video-preview":"max-video-preview:-1"},"canonical":"http:\/\/www.aupair.net\/de\/au-pair-tipps\/","twitter_misc":{"Gesch\u00e4tzte Lesezeit":"4\u00a0Minuten"},"schema":{"@context":"https:\/\/schema.org","@graph":[{"@type":"WebPage","@id":"http:\/\/www.aupair.net\/de\/au-pair-tipps\/","url":"http:\/\/www.aupair.net\/de\/au-pair-tipps\/","name":"AuPair.net - Tipps f\u00fcr Au Pairs","isPartOf":{"@id":"https:\/\/www.aupair.net\/#website"},"primaryImageOfPage":{"@id":"http:\/\/www.aupair.net\/de\/au-pair-tipps\/#primaryimage"},"image":{"@id":"http:\/\/www.aupair.net\/de\/au-pair-tipps\/#primaryimage"},"thumbnailUrl":"http:\/\/www.aupair.net\/wp-content\/uploads\/2014\/09\/aupair-contract-300x211.jpg","datePublished":"2014-08-26T08:56:09+00:00","dateModified":"2024-11-21T11:55:14+00:00","description":"Du m\u00f6chtest als Au Pair ins Ausland? Hier findest du n\u00fctzliche Tipps f\u00fcr einen unvergesslichen Au Pair-Aufenthalt.","inLanguage":"de","potentialAction":[{"@type":"ReadAction","target":["http:\/\/www.aupair.net\/de\/au-pair-tipps\/"]}]},{"@type":"ImageObject","inLanguage":"de","@id":"http:\/\/www.aupair.net\/de\/au-pair-tipps\/#primaryimage","url":"http:\/\/www.aupair.net\/wp-content\/uploads\/2014\/09\/aupair-contract-300x211.jpg","contentUrl":"http:\/\/www.aupair.net\/wp-content\/uploads\/2014\/09\/aupair-contract-300x211.jpg"},{"@type":"WebSite","@id":"https:\/\/www.aupair.net\/#website","url":"https:\/\/www.aupair.net\/","name":"AuPair.net - Blog for Au Pairs - everything for you","description":"Young Au Pairs from all around the world can find travel tips, experience reports, a lot of information about the stay and more topics that are just about you.","publisher":{"@id":"https:\/\/www.aupair.net\/#organization"},"potentialAction":[{"@type":"SearchAction","target":{"@type":"EntryPoint","urlTemplate":"https:\/\/www.aupair.net\/?s={search_term_string}"},"query-input":{"@type":"PropertyValueSpecification","valueRequired":true,"valueName":"search_term_string"}}],"inLanguage":"de"},{"@type":"Organization","@id":"https:\/\/www.aupair.net\/#organization","name":"AuPair.net - Au Pair Blog","url":"https:\/\/www.aupair.net\/","logo":{"@type":"ImageObject","inLanguage":"de","@id":"https:\/\/www.aupair.net\/#\/schema\/logo\/image\/","url":"https:\/\/www.aupair.net\/wp-content\/uploads\/2015\/06\/Logo_dunkler.png","contentUrl":"https:\/\/www.aupair.net\/wp-content\/uploads\/2015\/06\/Logo_dunkler.png","width":406,"height":150,"caption":"AuPair.net - Au Pair Blog"},"image":{"@id":"https:\/\/www.aupair.net\/#\/schema\/logo\/image\/"}}]}},"blog_post_layout_featured_media_urls":{"thumbnail":"","full":""},"categories_names":null,"comments_number":"0","wpmagazine_modules_lite_featured_media_urls":{"thumbnail":"","cvmm-medium":"","cvmm-medium-plus":"","cvmm-portrait":"","cvmm-medium-square":"","cvmm-large":"","cvmm-small":"","full":""},"_links":{"self":[{"href":"https:\/\/www.aupair.net\/de\/wp-json\/wp\/v2\/pages\/1422","targetHints":{"allow":["GET"]}}],"collection":[{"href":"https:\/\/www.aupair.net\/de\/wp-json\/wp\/v2\/pages"}],"about":[{"href":"https:\/\/www.aupair.net\/de\/wp-json\/wp\/v2\/types\/page"}],"author":[{"embeddable":true,"href":"https:\/\/www.aupair.net\/de\/wp-json\/wp\/v2\/users\/2"}],"replies":[{"embeddable":true,"href":"https:\/\/www.aupair.net\/de\/wp-json\/wp\/v2\/comments?post=1422"}],"version-history":[{"count":9,"href":"https:\/\/www.aupair.net\/de\/wp-json\/wp\/v2\/pages\/1422\/revisions"}],"predecessor-version":[{"id":9659,"href":"https:\/\/www.aupair.net\/de\/wp-json\/wp\/v2\/pages\/1422\/revisions\/9659"}],"wp:attachment":[{"href":"https:\/\/www.aupair.net\/de\/wp-json\/wp\/v2\/media?parent=1422"}],"curies":[{"name":"wp","href":"https:\/\/api.w.org\/{rel}","templated":true}]}}