{"id":6154,"date":"2015-06-25T16:23:50","date_gmt":"2015-06-25T14:23:50","guid":{"rendered":"http:\/\/www.aupair.net\/?page_id=6154"},"modified":"2016-09-26T14:37:24","modified_gmt":"2016-09-26T12:37:24","slug":"foto-wettbewerb","status":"publish","type":"page","link":"https:\/\/www.aupair.net\/de\/foto-wettbewerb\/","title":{"rendered":"Fotowettbewerb"},"content":{"rendered":"<h4>Mach mit bei unserem <span style=\"color: #f24c0a;\"><strong>Fotowettbewerb 2015 <\/strong><\/span>und gewinne eine Spiegelreflexkamera im Wert von 350 \u20ac!<\/h4>\n<p>[three_fourth valign=&#8220;top&#8220; animation=&#8220;none&#8220;]<\/p>\n<p>[space]<\/p>\n<p>[\/space]<\/p>\n<p>Egal, ob du dein Au Pair Erlebnis im Ausland schon hinter dir hast oder noch auf der Suche nach deiner perfekten Gastfamilie bist &#8211; wir w\u00fcrden uns freuen, wenn du deine Erfahrungen mit uns teilst!<\/p>\n<p>Mach mit bei unserem Fotowettbewerb und gewinne einen unserer besonderen Preise!<\/p>\n<p>[\/three_fourth]<\/p>\n<p>[one_fourth_last valign=&#8220;top&#8220; animation=&#8220;none&#8220;]<\/p>\n<p>[box icon=&#8220;camera-retro&#8220; style=&#8220;solid&#8220;]<\/p>\n<p style=\"text-align: center;\"><strong>GEWINNE EINE SPIEGELREFLEX-KAMERA<\/strong><\/p>\n<p>[\/box]<\/p>\n<p>[\/one_fourth_last]<\/p>\n<p>[divider style=&#8220;none&#8220;]<\/p>\n<p>[\/divider]<\/p>\n<p>[one_fifth valign=&#8220;top&#8220; animation=&#8220;none&#8220;]<\/p>\n<p>[\/one_fifth]<\/p>\n<p>[three_fifth valign=&#8220;top&#8220; animation=&#8220;none&#8220;]<\/p>\n<p>[box icon=&#8220;star&#8220; style=&#8220;solid&#8220;]<\/p>\n<p style=\"text-align: center;\"><strong><a href=\"https:\/\/www.aupair.net\/de\/au-pair-fotowettbewerb-gewinner-galerie\/\">Hier findet ihr den Gewinner des Monats Dezember\u00a02015<\/a><\/strong><\/p>\n<p style=\"text-align: center;\">sowie den vorherigen Monatsgewinnern<\/p>\n<p>&nbsp;<\/p>\n<p>[\/box]<\/p>\n<p>[\/three_fifth]<\/p>\n<p>[one_fifth_last valign=&#8220;top&#8220; animation=&#8220;none&#8220;]<\/p>\n<p>[\/one_fifth_last]<\/p>\n<p>[divider style=&#8220;none&#8220;]<\/p>\n<p>[\/divider]<\/p>\n<p>[one_fifth valign=&#8220;top&#8220; animation=&#8220;none&#8220;]<\/p>\n<p style=\"text-align: center;\"><strong>Wie<\/strong><strong>?<\/strong><\/p>\n<p>[\/one_fifth]<\/p>\n<p>[four_fifth_last valign=&#8220;top&#8220; animation=&#8220;none&#8220;]<\/p>\n<p style=\"text-align: justify;\">Schick uns dein perfektes Au Pair Foto! Du hast noch keine guten Bilder geknipst? Dann schnapp dir deine Kamera und leg los &#8211; es lohnt sich!<\/p>\n<p>[\/four_fifth_last]<\/p>\n<p style=\"text-align: justify;\">Das AuPair.com-Team wird jeden Monat einen Gewinner ausw\u00e4hlen und ihn oder sie mit einer <strong>kostenlosen Premium-Mitgliedschaft auf AuPair.com<\/strong> oder einem <strong>Einkaufsgutschein deiner Wahl im Wert von 20 \u20ac<\/strong> belohnen!<\/p>\n<p style=\"text-align: justify;\">Welchen dieser Preise du bevorzugst bleibt ganz dir \u00fcberlassen!<\/p>\n<p style=\"text-align: justify;\">Zus\u00e4tzlich nimmt jeder Monatsgewinner automatisch am Wettbewerb um den Hauptpreis teil: <strong>Eine Spiegelreflexkamera im Wert von 350 \u20ac<\/strong> !<\/p>\n<p>[one_fifth valign=&#8220;top&#8220; animation=&#8220;none&#8220;]<\/p>\n<p>[\/one_fifth]<\/p>\n<p>[three_fifth valign=&#8220;top&#8220; animation=&#8220;none&#8220;]<\/p>\n<p>[box icon=&#8220;gift&#8220; style=&#8220;solid&#8220;]<\/p>\n<p style=\"text-align: center;\"><strong>JEDEN MONAT hast du die Chance auf<\/strong><\/p>\n<p style=\"text-align: center;\">Eine kostenlose Premium-Mitgliedschaft<\/p>\n<p style=\"text-align: center;\"><strong><u>oder<\/u><\/strong><\/p>\n<p style=\"text-align: center;\">Einen Einkaufsgutschein im Wert von 20 \u20ac<\/p>\n<p>[\/box]<\/p>\n<p>[\/three_fifth]<\/p>\n<p>[one_fifth_last valign=&#8220;top&#8220; animation=&#8220;none&#8220;]<\/p>\n<p>[\/one_fifth_last]<\/p>\n<p><em>Bitte gib den Monat und das Jahr in der Betreffzeile deiner E-Mail an!<\/em><\/p>\n<p>&nbsp;<\/p>\n<h2 style=\"text-align: justify;\">Der Gewinner des Hauptpreises wird im Januar 2016 aus den Einsendungen aller Monatsgewinner gew\u00e4hlt!<\/h2>\n<p>&nbsp;<\/p>\n<h4><a href=\"http:\/\/www.aupair.net\/wp-content\/uploads\/2015\/06\/entwurffotowettbewerb-deutsch.png\" data-rel=\"lightbox-image-0\" data-rl_title=\"\" data-rl_caption=\"\" title=\"\"><img loading=\"lazy\" decoding=\"async\" class=\"alignnone wp-image-6163\" src=\"http:\/\/www.aupair.net\/wp-content\/uploads\/2015\/06\/entwurffotowettbewerb-deutsch.png\" alt=\"entwurffotowettbewerb-deutsch\" width=\"1000\" height=\"684\" srcset=\"https:\/\/www.aupair.net\/wp-content\/uploads\/2015\/06\/entwurffotowettbewerb-deutsch.png 1170w, https:\/\/www.aupair.net\/wp-content\/uploads\/2015\/06\/entwurffotowettbewerb-deutsch-300x205.png 300w, https:\/\/www.aupair.net\/wp-content\/uploads\/2015\/06\/entwurffotowettbewerb-deutsch-1024x700.png 1024w, https:\/\/www.aupair.net\/wp-content\/uploads\/2015\/06\/entwurffotowettbewerb-deutsch-968x662.png 968w, https:\/\/www.aupair.net\/wp-content\/uploads\/2015\/06\/entwurffotowettbewerb-deutsch-636x435.png 636w, https:\/\/www.aupair.net\/wp-content\/uploads\/2015\/06\/entwurffotowettbewerb-deutsch-320x219.png 320w, https:\/\/www.aupair.net\/wp-content\/uploads\/2015\/06\/entwurffotowettbewerb-deutsch-239x163.png 239w\" sizes=\"auto, (max-width: 1000px) 100vw, 1000px\" \/><\/a><\/h4>\n<p>&nbsp;<\/p>\n<h4 style=\"text-align: justify;\">Befolge einfach die folgenden Anweisungen! Schicke uns eine E-Mail an photo@aupair.com mit den folgenden Inhalten:<\/h4>\n<ul style=\"list-style-type: disc;\">\n<li>Betreffzeile: Au Pair Foto-Wettbewerb, Monat und Jahr (z.B. Juli 2015)<\/li>\n<li>Dein Name und Alter<\/li>\n<li>Dein Heimatland und dein ehemaliges, derzeitiges oder zuk\u00fcnftiges Gastland<\/li>\n<li>Dein Au Pair Status (derzeitiges Au Pair, ehemaliges oder zuk\u00fcnftiges Au Pair)<\/li>\n<li>Bis zu drei Fotos in guter Qualit\u00e4t rund um das Thema Au Pair (JPG-Format!)<\/li>\n<li>Mindestens 3-5 S\u00e4tze, in denen du deine Erfahrungen oder Erwartungen als Au Pair beschreibst<\/li>\n<\/ul>\n<p>&nbsp;<\/p>\n<h4 style=\"text-align: justify;\"><u>Das perfekte Foto<\/u><\/h4>\n<p style=\"text-align: justify;\">Wir suchen nach Bildern, die den Grundgedanken eines Au Pair Aufenthaltes m\u00f6glichst gut zum Ausdruck bringen!<\/p>\n<ul style=\"text-align: justify;\">\n<li>Wie stellt sich eine Gastfamilie das perfekte Au Pair vor?<\/li>\n<li>Welches sind die wichtigsten Aspekte in der Kinderbetreuung?<\/li>\n<li>Wie hast du deinen Aufenthalt in einer fremden Kultur erlebt?<\/li>\n<\/ul>\n<p style=\"text-align: justify;\">Diese Fragen k\u00f6nnen dir dabei behilflich sein, eine Idee f\u00fcr einen m\u00f6glichen Schnappschuss zu entwickeln. Je genauer, pointierter oder kreativer er das zugrundeliegende Konzept des Au Pair Programms transportiert, desto besser! Wir sind gespannt auf eure Fotos!<\/p>\n<p>&nbsp;<\/p>\n<p>[divider style=&#8220;none&#8220;]<\/p>\n<p>[\/divider]<\/p>\n<p><span style=\"font-size: 10pt;\"><u>Teilnahmebedingungen:<br \/>\n<\/u>Du versicherst, dass du \u00fcber alle Rechte an den eingesendeten Fotos verf\u00fcgst. Alle Personen, die auf den Fotos zu sehen sind, m\u00fcssen vorher um Erlaubnis gebeten werden. Mit der Teilnahme am Foto-Wettbewerb erkl\u00e4rst du dich damit einverstanden, dass AuPair.com deine Bilder ver\u00f6ffentlichen und f\u00fcr eigene Zwecke nutzen darf. Du darfst nur ein Mal pro Monat teilnehmen.<\/span><\/p>\n<p><span style=\"font-size: 10pt;\"><em>F\u00fcr die vollst\u00e4ndigen Teilnahmebdigungen klicke auf das Plus-Zeichen.<\/em><\/span><\/p>\n<p>[toggle state=&#8220;off&#8220; style=&#8220;simple&#8220;]<\/p>\n<p><span style=\"font-size: 10pt;\">Der Fotowettbewerb wird von AuPair.com\/MultiKultur e.K.\u00a0 veranstaltet.<\/span><br \/>\n<span style=\"font-size: 10pt;\">Jeder Teilnehmer kann einmalig bis zu 3 Bilder an <a class=\"moz-txt-link-abbreviated\" href=\"mailto:Sup@AuPair.com\">photo@aupair.com<\/a> einsenden.<\/span><br \/>\n<span style=\"font-size: 10pt;\">Die Bilder m\u00fcssen im JPG-Format eingereicht werden und unterliegen keiner Gr\u00f6\u00dfenbeschr\u00e4nkung, sollten nur gro\u00df genug f\u00fcr eine Beurteilung durch die Jury sein (idealerweise mindestens 1200 Pixel an der langen Seite).<\/span><\/p>\n<p><span style=\"font-size: 10pt;\">Bei der Einsendung der Bilder ist die Angabe des vollst\u00e4ndigen Namens und der E-Mail-Adresse erforderlich.<\/span><br \/>\n<span style=\"font-size: 10pt;\">Die eingereichten Bilder werden nach Eingang von einer unabh\u00e4ngigen Jury gepr\u00fcft und danach zum Wettbewerb freigegeben.<\/span><br \/>\n<span style=\"font-size: 10pt;\">Der\/die Teilnehmer\/in versichert, dass er\/sie \u00fcber alle Rechte am eingereichten Bild verf\u00fcgt, die uneingeschr\u00e4nkten Verwertungsrechte aller Bildteile hat, dass das Bild frei von Rechten Dritter ist sowie bei der Darstellung von Personen keine Pers\u00f6nlichkeitsrechte verletzt werden. Falls auf dem Foto eine oder mehrere Personen erkennbar abgebildet sind, m\u00fcssen die Betreffenden damit einverstanden sein, dass das Bild ver\u00f6ffentlicht wird.<\/span><\/p>\n<p><span style=\"font-size: 10pt;\">Die Teilnehmer erkl\u00e4ren sich mit der Speicherung der Daten und der Ver\u00f6ffentlichung der Bilder einverstanden.<\/span><br \/>\n<span style=\"font-size: 10pt;\">Die Bilder werden nicht an Dritte weitergegeben. Ausgenommen davon ist die Weitergabe an die Presse zur Ver\u00f6ffentlichung und Berichterstattung \u00fcber den Fotowettbewerb.<\/span><br \/>\n<span style=\"font-size: 10pt;\">Die teilnehmenden Bilder k\u00f6nnen mit Angabe des Fotografen von AuPair.com\/MultiKultur.info nach dem Fotowettbewerb gezeigt und verwendet werden.<\/span><\/p>\n<p><span style=\"font-size: 10pt;\">Der\/die Teilnehmer\/in erkl\u00e4rt sich damit ausdr\u00fccklich einverstanden.<\/span><br \/>\n<span style=\"font-size: 10pt;\"><b>Der Rechtsweg ist ausgeschlossen.<\/b><\/span><\/p>\n<p>[\/toggle]<\/p>\n","protected":false},"excerpt":{"rendered":"<p>Mach mit bei unserem Fotowettbewerb 2015 und gewinne eine Spiegelreflexkamera im Wert von 350 \u20ac! [three_fourth valign=&#8220;top&#8220; animation=&#8220;none&#8220;] [space] [\/space] Egal, ob du dein Au Pair Erlebnis im Ausland schon hinter dir hast oder noch auf der Suche nach deiner perfekten Gastfamilie bist &#8211; wir w\u00fcrden uns freuen, wenn du deine Erfahrungen mit uns teilst! [&hellip;]<\/p>\n","protected":false},"author":156,"featured_media":0,"parent":0,"menu_order":0,"comment_status":"closed","ping_status":"closed","template":"","meta":{"footnotes":""},"class_list":["post-6154","page","type-page","status-publish","hentry"],"yoast_head":"<!-- This site is optimized with the Yoast SEO plugin v27.6 - https:\/\/yoast.com\/product\/yoast-seo-wordpress\/ -->\n<title>Au Pair Fotowettbewerb - Gewinne eine Spiegelreflexkamera<\/title>\n<meta name=\"description\" content=\"Mach mit bei unserem Fotowettbewerb und gewinne eine Spiegelreflexkamera oder einen unserer anderen Preise! Schick uns dein perfektes Au Pair Foto!\" \/>\n<meta name=\"robots\" content=\"index, follow, max-snippet:-1, max-image-preview:large, max-video-preview:-1\" \/>\n<link rel=\"canonical\" href=\"http:\/\/www.aupair.net\/de\/foto-wettbewerb\/\" \/>\n<meta name=\"twitter:label1\" content=\"Gesch\u00e4tzte Lesezeit\" \/>\n\t<meta name=\"twitter:data1\" content=\"4\u00a0Minuten\" \/>\n<script type=\"application\/ld+json\" class=\"yoast-schema-graph\">{\"@context\":\"https:\\\/\\\/schema.org\",\"@graph\":[{\"@type\":\"WebPage\",\"@id\":\"http:\\\/\\\/www.aupair.net\\\/de\\\/foto-wettbewerb\\\/\",\"url\":\"http:\\\/\\\/www.aupair.net\\\/de\\\/foto-wettbewerb\\\/\",\"name\":\"Au Pair Fotowettbewerb - Gewinne eine Spiegelreflexkamera\",\"isPartOf\":{\"@id\":\"https:\\\/\\\/www.aupair.net\\\/de\\\/#website\"},\"primaryImageOfPage\":{\"@id\":\"http:\\\/\\\/www.aupair.net\\\/de\\\/foto-wettbewerb\\\/#primaryimage\"},\"image\":{\"@id\":\"http:\\\/\\\/www.aupair.net\\\/de\\\/foto-wettbewerb\\\/#primaryimage\"},\"thumbnailUrl\":\"http:\\\/\\\/www.aupair.net\\\/wp-content\\\/uploads\\\/2015\\\/06\\\/entwurffotowettbewerb-deutsch.png\",\"datePublished\":\"2015-06-25T14:23:50+00:00\",\"dateModified\":\"2016-09-26T12:37:24+00:00\",\"description\":\"Mach mit bei unserem Fotowettbewerb und gewinne eine Spiegelreflexkamera oder einen unserer anderen Preise! Schick uns dein perfektes Au Pair Foto!\",\"inLanguage\":\"de\",\"potentialAction\":[{\"@type\":\"ReadAction\",\"target\":[\"http:\\\/\\\/www.aupair.net\\\/de\\\/foto-wettbewerb\\\/\"]}]},{\"@type\":\"ImageObject\",\"inLanguage\":\"de\",\"@id\":\"http:\\\/\\\/www.aupair.net\\\/de\\\/foto-wettbewerb\\\/#primaryimage\",\"url\":\"http:\\\/\\\/www.aupair.net\\\/wp-content\\\/uploads\\\/2015\\\/06\\\/entwurffotowettbewerb-deutsch.png\",\"contentUrl\":\"http:\\\/\\\/www.aupair.net\\\/wp-content\\\/uploads\\\/2015\\\/06\\\/entwurffotowettbewerb-deutsch.png\"},{\"@type\":\"WebSite\",\"@id\":\"https:\\\/\\\/www.aupair.net\\\/de\\\/#website\",\"url\":\"https:\\\/\\\/www.aupair.net\\\/de\\\/\",\"name\":\"AuPair.net - Blog for Au Pairs - everything for you\",\"description\":\"Young Au Pairs from all around the world can find travel tips, experience reports, a lot of information about the stay and more topics that are just about you.\",\"publisher\":{\"@id\":\"https:\\\/\\\/www.aupair.net\\\/de\\\/#organization\"},\"potentialAction\":[{\"@type\":\"SearchAction\",\"target\":{\"@type\":\"EntryPoint\",\"urlTemplate\":\"https:\\\/\\\/www.aupair.net\\\/de\\\/?s={search_term_string}\"},\"query-input\":{\"@type\":\"PropertyValueSpecification\",\"valueRequired\":true,\"valueName\":\"search_term_string\"}}],\"inLanguage\":\"de\"},{\"@type\":\"Organization\",\"@id\":\"https:\\\/\\\/www.aupair.net\\\/de\\\/#organization\",\"name\":\"AuPair.net - Au Pair Blog\",\"url\":\"https:\\\/\\\/www.aupair.net\\\/de\\\/\",\"logo\":{\"@type\":\"ImageObject\",\"inLanguage\":\"de\",\"@id\":\"https:\\\/\\\/www.aupair.net\\\/de\\\/#\\\/schema\\\/logo\\\/image\\\/\",\"url\":\"https:\\\/\\\/www.aupair.net\\\/wp-content\\\/uploads\\\/2015\\\/06\\\/Logo_dunkler.png\",\"contentUrl\":\"https:\\\/\\\/www.aupair.net\\\/wp-content\\\/uploads\\\/2015\\\/06\\\/Logo_dunkler.png\",\"width\":406,\"height\":150,\"caption\":\"AuPair.net - Au Pair Blog\"},\"image\":{\"@id\":\"https:\\\/\\\/www.aupair.net\\\/de\\\/#\\\/schema\\\/logo\\\/image\\\/\"}}]}<\/script>\n<!-- \/ Yoast SEO plugin. -->","yoast_head_json":{"title":"Au Pair Fotowettbewerb - Gewinne eine Spiegelreflexkamera","description":"Mach mit bei unserem Fotowettbewerb und gewinne eine Spiegelreflexkamera oder einen unserer anderen Preise! Schick uns dein perfektes Au Pair Foto!","robots":{"index":"index","follow":"follow","max-snippet":"max-snippet:-1","max-image-preview":"max-image-preview:large","max-video-preview":"max-video-preview:-1"},"canonical":"http:\/\/www.aupair.net\/de\/foto-wettbewerb\/","twitter_misc":{"Gesch\u00e4tzte Lesezeit":"4\u00a0Minuten"},"schema":{"@context":"https:\/\/schema.org","@graph":[{"@type":"WebPage","@id":"http:\/\/www.aupair.net\/de\/foto-wettbewerb\/","url":"http:\/\/www.aupair.net\/de\/foto-wettbewerb\/","name":"Au Pair Fotowettbewerb - Gewinne eine Spiegelreflexkamera","isPartOf":{"@id":"https:\/\/www.aupair.net\/de\/#website"},"primaryImageOfPage":{"@id":"http:\/\/www.aupair.net\/de\/foto-wettbewerb\/#primaryimage"},"image":{"@id":"http:\/\/www.aupair.net\/de\/foto-wettbewerb\/#primaryimage"},"thumbnailUrl":"http:\/\/www.aupair.net\/wp-content\/uploads\/2015\/06\/entwurffotowettbewerb-deutsch.png","datePublished":"2015-06-25T14:23:50+00:00","dateModified":"2016-09-26T12:37:24+00:00","description":"Mach mit bei unserem Fotowettbewerb und gewinne eine Spiegelreflexkamera oder einen unserer anderen Preise! Schick uns dein perfektes Au Pair Foto!","inLanguage":"de","potentialAction":[{"@type":"ReadAction","target":["http:\/\/www.aupair.net\/de\/foto-wettbewerb\/"]}]},{"@type":"ImageObject","inLanguage":"de","@id":"http:\/\/www.aupair.net\/de\/foto-wettbewerb\/#primaryimage","url":"http:\/\/www.aupair.net\/wp-content\/uploads\/2015\/06\/entwurffotowettbewerb-deutsch.png","contentUrl":"http:\/\/www.aupair.net\/wp-content\/uploads\/2015\/06\/entwurffotowettbewerb-deutsch.png"},{"@type":"WebSite","@id":"https:\/\/www.aupair.net\/de\/#website","url":"https:\/\/www.aupair.net\/de\/","name":"AuPair.net - Blog for Au Pairs - everything for you","description":"Young Au Pairs from all around the world can find travel tips, experience reports, a lot of information about the stay and more topics that are just about you.","publisher":{"@id":"https:\/\/www.aupair.net\/de\/#organization"},"potentialAction":[{"@type":"SearchAction","target":{"@type":"EntryPoint","urlTemplate":"https:\/\/www.aupair.net\/de\/?s={search_term_string}"},"query-input":{"@type":"PropertyValueSpecification","valueRequired":true,"valueName":"search_term_string"}}],"inLanguage":"de"},{"@type":"Organization","@id":"https:\/\/www.aupair.net\/de\/#organization","name":"AuPair.net - Au Pair Blog","url":"https:\/\/www.aupair.net\/de\/","logo":{"@type":"ImageObject","inLanguage":"de","@id":"https:\/\/www.aupair.net\/de\/#\/schema\/logo\/image\/","url":"https:\/\/www.aupair.net\/wp-content\/uploads\/2015\/06\/Logo_dunkler.png","contentUrl":"https:\/\/www.aupair.net\/wp-content\/uploads\/2015\/06\/Logo_dunkler.png","width":406,"height":150,"caption":"AuPair.net - Au Pair Blog"},"image":{"@id":"https:\/\/www.aupair.net\/de\/#\/schema\/logo\/image\/"}}]}},"blog_post_layout_featured_media_urls":{"thumbnail":"","full":""},"categories_names":null,"comments_number":"0","wpmagazine_modules_lite_featured_media_urls":{"thumbnail":"","cvmm-medium":"","cvmm-medium-plus":"","cvmm-portrait":"","cvmm-medium-square":"","cvmm-large":"","cvmm-small":"","full":""},"_links":{"self":[{"href":"https:\/\/www.aupair.net\/de\/wp-json\/wp\/v2\/pages\/6154","targetHints":{"allow":["GET"]}}],"collection":[{"href":"https:\/\/www.aupair.net\/de\/wp-json\/wp\/v2\/pages"}],"about":[{"href":"https:\/\/www.aupair.net\/de\/wp-json\/wp\/v2\/types\/page"}],"author":[{"embeddable":true,"href":"https:\/\/www.aupair.net\/de\/wp-json\/wp\/v2\/users\/156"}],"replies":[{"embeddable":true,"href":"https:\/\/www.aupair.net\/de\/wp-json\/wp\/v2\/comments?post=6154"}],"version-history":[{"count":25,"href":"https:\/\/www.aupair.net\/de\/wp-json\/wp\/v2\/pages\/6154\/revisions"}],"predecessor-version":[{"id":7802,"href":"https:\/\/www.aupair.net\/de\/wp-json\/wp\/v2\/pages\/6154\/revisions\/7802"}],"wp:attachment":[{"href":"https:\/\/www.aupair.net\/de\/wp-json\/wp\/v2\/media?parent=6154"}],"curies":[{"name":"wp","href":"https:\/\/api.w.org\/{rel}","templated":true}]}}